{"id":866,"date":"2017-12-19T08:42:21","date_gmt":"2017-12-19T08:42:21","guid":{"rendered":"https:\/\/agrovarustus.ee\/?page_id=866\/"},"modified":"2017-12-19T08:42:21","modified_gmt":"2017-12-19T08:42:21","slug":"homepage","status":"publish","type":"page","link":"https:\/\/agrovarustus.ee\/en\/","title":{"rendered":"Homepage"},"content":{"rendered":"<div class=\"wpb-content-wrapper\"><p>[vc_row][vc_column el_class=&#8221;banner&#8221;][rev_slider_vc alias=&#8221;home-eng&#8221;][\/vc_column][\/vc_row][vc_row][vc_column]\r\n\r\n<!-- ===================== Welcome section ============= -->\r\n<section class=\"welcome_sec\">\r\n    <div class=\"container welcome_data_container\">\r\n        <div class=\"row\">\r\n                <div class=\"col-lg-6 col-md-12 col-sm-12 col-xs-12 welcome_title\">\r\n                    <div class=\"title_holder\">\r\n                        <h2>Agrovarustus O\u00dc<\/h2>\r\n                    <\/div> <!-- \/title_holder -->\r\n                    <div class=\"text\">\r\n                        <p>produces and markets mineral and supplementary feeds for pigs, cattle, sheep and poultry. The company was founded in 2000 and is based entirely on Estonian capital. Our facilities now include a modern and fully automatic feed factory that enables us to make granulated feeds and various energy feeds in addition to mineral supplementary feeds. The production line of the new factory consists of equipment by Danish companies Skiold AS and by Andritz Feed &#038; Biofuel AS.<\/p>\r\n<!--                        <a class=\"view_services main_anchor transition-ease\" href=\"--><!--\">--><!-- <i class=\"fa fa-caret-right\"><\/i><\/a>-->\r\n                    <\/div> <!-- \/text -->\r\n                <\/div> <!-- \/welcome_title -->\r\n\r\n                                <div class=\"col-lg-3 col-md-6 col-sm-6 col-xs-12 design_planting\">\r\n                    <div class=\"img_holder\">\r\n                        <a href=\"https:\/\/agrovarustus.ee\/en\/services\/feeding-and-veterinary-consultation\" style=\"display: block\">\r\n                            <img loading=\"lazy\" decoding=\"async\" width=\"270\" height=\"235\" src=\"https:\/\/agrovarustus.ee\/wp-content\/uploads\/2016\/03\/DSC_0176-2-270x235.jpg\" class=\"img-responsive wp-post-image\" alt=\"\" \/>                            <div class=\"overlay transition3s\">\r\n                                <div class=\"overlay_border\"><\/div>\r\n                            <\/div>\r\n                        <\/a>\r\n                    <\/div> <!-- \/img_holder -->\r\n                    <div class=\"text\">\r\n                        <a href=\"https:\/\/agrovarustus.ee\/en\/services\/feeding-and-veterinary-consultation\">\r\n                            <h5>Feeding and veterinary consultation<\/h5>\r\n                        <\/a>\r\n                        <p>Agrovarustus O\u00dc has long-term experience with providing consultation on feeding farm animals. We work with leading Western European feed industries and research institutes and follow the latest research papers to ...<\/p>\r\n                        <a class=\"read_more main_anchor transition-ease\" href=\"https:\/\/agrovarustus.ee\/en\/services\/feeding-and-veterinary-consultation\">Read More <i class=\"fa fa-caret-right\"><\/i><\/a>\r\n                    <\/div>\r\n                <\/div> <!-- \/design_planting -->\r\n                                <div class=\"col-lg-3 col-md-6 col-sm-6 col-xs-12 design_planting\">\r\n                    <div class=\"img_holder\">\r\n                        <a href=\"https:\/\/agrovarustus.ee\/en\/services\/production-of-mineral-supplementary-feeds\" style=\"display: block\">\r\n                            <img loading=\"lazy\" decoding=\"async\" width=\"270\" height=\"235\" src=\"https:\/\/agrovarustus.ee\/wp-content\/uploads\/2017\/07\/t5-270x235.png\" class=\"img-responsive wp-post-image\" alt=\"\" \/>                            <div class=\"overlay transition3s\">\r\n                                <div class=\"overlay_border\"><\/div>\r\n                            <\/div>\r\n                        <\/a>\r\n                    <\/div> <!-- \/img_holder -->\r\n                    <div class=\"text\">\r\n                        <a href=\"https:\/\/agrovarustus.ee\/en\/services\/production-of-mineral-supplementary-feeds\">\r\n                            <h5>Production of mineral supplementary feeds<\/h5>\r\n                        <\/a>\r\n                        <p>AGROVARUSTUS O\u00dc worked with scientists to develop the product range ELIIT. The products in this range are made using only verified and high-quality raw materials. Today we also produce supplementary ...<\/p>\r\n                        <a class=\"read_more main_anchor transition-ease\" href=\"https:\/\/agrovarustus.ee\/en\/services\/production-of-mineral-supplementary-feeds\">Read More <i class=\"fa fa-caret-right\"><\/i><\/a>\r\n                    <\/div>\r\n                <\/div> <!-- \/design_planting -->\r\n                        <\/div> <!-- \/row -->\r\n    <\/div> <!-- \/welcome_data_container -->\r\n<\/section> <!-- \/welcome_sec -->\r\n<!-- ===================== \/Welcome section ============= -->\r\n\r\n[\/vc_column][\/vc_row][vc_row][vc_column]   \r\n   \r\n<!-- ===================== Welcome intro ============= -->\r\n<section class=\"welocme_intro\">\r\n    <div class=\"container\">\r\n        <div class=\"row\">\r\n                        <div class=\"col-lg-6 col-md-6 col-sm-12 col-xs-12 irrigation\">\r\n                <div class=\"img_holder\">\r\n                    <a href=\"https:\/\/agrovarustus.ee\/en\/services\/farm-shop-mulgi-talupood\/\">\r\n                        <img loading=\"lazy\" decoding=\"async\" width=\"170\" height=\"150\" src=\"https:\/\/agrovarustus.ee\/wp-content\/uploads\/2017\/06\/eriots-170x150.png\" class=\"img-responsive1 wp-post-image\" alt=\"\" \/>                    <\/a>\r\n                <\/div>\r\n                <div class=\"info\">\r\n                    <a href=\"https:\/\/agrovarustus.ee\/en\/services\/farm-shop-mulgi-talupood\/\">\r\n                        <h5>Farm shop Mulgi talupood<\/h5>\r\n                    <\/a>\r\n                    <p>Ever since Agrovarustus O\u00dc was founded, our business has included an effectively operating farm shop called Mulgi Talupood. The shop was completely renovated in 2008-2010. ...<\/p>\r\n                    <a class=\"read_more main_anchor transition-ease\" href=\"https:\/\/agrovarustus.ee\/en\/services\/farm-shop-mulgi-talupood\/\">Read More <i class=\"fa fa-caret-right\"><\/i><\/a>\r\n                <\/div>\r\n            <\/div>\r\n                        <div class=\"col-lg-6 col-md-6 col-sm-12 col-xs-12 irrigation\">\r\n                <div class=\"img_holder\">\r\n                    <a href=\"https:\/\/agrovarustus.ee\/en\/services\/mobile-feed-factory-service\/\">\r\n                        <img loading=\"lazy\" decoding=\"async\" width=\"170\" height=\"150\" src=\"https:\/\/agrovarustus.ee\/wp-content\/uploads\/2016\/03\/agro-varustuse-liikuva-jousooda-veski-molder-aivar-tedre-valmistab-lehmasoota-68179103-170x150.jpg\" class=\"img-responsive1 wp-post-image\" alt=\"\" \/>                    <\/a>\r\n                <\/div>\r\n                <div class=\"info\">\r\n                    <a href=\"https:\/\/agrovarustus.ee\/en\/services\/mobile-feed-factory-service\/\">\r\n                        <h5>Mobile feed factory service<\/h5>\r\n                    <\/a>\r\n                    <p>Agrovarustus O\u00dc provides a mobile feed factory service to make feeding cattle and pigs more up-to-date, meaningful and accurate. &nbsp; Advantages of using the mobile ...<\/p>\r\n                    <a class=\"read_more main_anchor transition-ease\" href=\"https:\/\/agrovarustus.ee\/en\/services\/mobile-feed-factory-service\/\">Read More <i class=\"fa fa-caret-right\"><\/i><\/a>\r\n                <\/div>\r\n            <\/div>\r\n                    <\/div> <!-- \/row -->\r\n    <\/div> <!-- \/container -->\r\n<\/section> <!-- \/welocme_intro -->\r\n\r\n[\/vc_column][\/vc_row][vc_row][vc_column]   \r\n   \r\n<!-- ========================= Why Choosing Gardener ================= -->\r\n<section class=\"choosing_gardener\">\r\n    <div class=\"container\">\r\n        <div class=\"row\">\r\n            <div class=\"title_holder2\" style=\"text-align:center; padding-right: 21px; padding-bottom: 44px;\">\r\n                <h3>Why choose us as your partner? <span><\/span><\/h3>\r\n            <\/div> <!-- \/title_holder2 -->\r\n        <\/div> <!-- \/row -->\r\n        <div class=\"row\">\r\n            \r\n                        <div class=\"col-lg-6 col-md-6 col-sm-12 col-xs-12\">\r\n                <div class=\"choosing_reason transition3s\">\r\n                    <div class=\"icon_holder border_round\">\r\n                        <i class=\"fa fa-leaf border_round\"><\/i>\r\n                    <\/div> <!-- \/icon_holder -->\r\n                    <div class=\"text\">\r\n                        <h5>We are flexible<\/h5>\r\n                        <p><\/p>\r\n                    <\/div> <!-- \/text -->\r\n                <\/div> <!-- \/choosing_reason -->\r\n            <\/div>\r\n                        <div class=\"col-lg-6 col-md-6 col-sm-12 col-xs-12\">\r\n                <div class=\"choosing_reason transition3s\">\r\n                    <div class=\"icon_holder border_round\">\r\n                        <i class=\"fa fa-heart border_round\"><\/i>\r\n                    <\/div> <!-- \/icon_holder -->\r\n                    <div class=\"text\">\r\n                        <h5>We are client-friendly<\/h5>\r\n                        <p><\/p>\r\n                    <\/div> <!-- \/text -->\r\n                <\/div> <!-- \/choosing_reason -->\r\n            <\/div>\r\n                        <div class=\"col-lg-6 col-md-6 col-sm-12 col-xs-12\">\r\n                <div class=\"choosing_reason transition3s\">\r\n                    <div class=\"icon_holder border_round\">\r\n                        <i class=\"fa fa-flag border_round\"><\/i>\r\n                    <\/div> <!-- \/icon_holder -->\r\n                    <div class=\"text\">\r\n                        <h5>We comply with the latest scientific achievements<\/h5>\r\n                        <p><\/p>\r\n                    <\/div> <!-- \/text -->\r\n                <\/div> <!-- \/choosing_reason -->\r\n            <\/div>\r\n                        <div class=\"col-lg-6 col-md-6 col-sm-12 col-xs-12\">\r\n                <div class=\"choosing_reason transition3s\">\r\n                    <div class=\"icon_holder border_round\">\r\n                        <i class=\"fa fa-cogs border_round\"><\/i>\r\n                    <\/div> <!-- \/icon_holder -->\r\n                    <div class=\"text\">\r\n                        <h5>We provide our clients with comprehensive solutions<\/h5>\r\n                        <p><\/p>\r\n                    <\/div> <!-- \/text -->\r\n                <\/div> <!-- \/choosing_reason -->\r\n            <\/div>\r\n                        <div class=\"col-lg-6 col-md-6 col-sm-12 col-xs-12\">\r\n                <div class=\"choosing_reason transition3s\">\r\n                    <div class=\"icon_holder border_round\">\r\n                        <i class=\"fa fa-certificate border_round\"><\/i>\r\n                    <\/div> <!-- \/icon_holder -->\r\n                    <div class=\"text\">\r\n                        <h5>Our products are modern and of high quality<\/h5>\r\n                        <p><\/p>\r\n                    <\/div> <!-- \/text -->\r\n                <\/div> <!-- \/choosing_reason -->\r\n            <\/div>\r\n                        <div class=\"col-lg-6 col-md-6 col-sm-12 col-xs-12\">\r\n                <div class=\"choosing_reason transition3s\">\r\n                    <div class=\"icon_holder border_round\">\r\n                        <i class=\"fa fa-star border_round\"><\/i>\r\n                    <\/div> <!-- \/icon_holder -->\r\n                    <div class=\"text\">\r\n                        <h5>We have long-term practical experience in the local market<\/h5>\r\n                        <p><\/p>\r\n                    <\/div> <!-- \/text -->\r\n                <\/div> <!-- \/choosing_reason -->\r\n            <\/div>\r\n                    <\/div> <!-- \/row -->\r\n\r\n    <\/div> <!-- \/container -->\r\n<\/section>\t<!-- \/choosing_gardener -->\r\n<!-- ========================= \/Why Choosing Gardener ================= -->\r\n\r\n[\/vc_column][\/vc_row][vc_row][vc_column]   \r\n   \r\n<!-- ========================== Testimonials ========================= -->\r\n<section class=\"testimonial \">\r\n    <div class=\"container\">\r\n        <div class=\"row\">\r\n            <div class=\"col-lg-4 col-md-5 col-sm-12 col-xs-12\">\r\n                <div class=\"title_holder2\">\r\n                    <h3><span>Feedback<\/span> from clients<\/h3>\r\n                <\/div> <!-- \/title_holder2 -->\r\n            <\/div>\r\n            <div class=\"col-lg-8 col-md-7 col-sm-12 col-xs-12\">\r\n                <h6><\/h6>\r\n            <\/div>\r\n        <\/div> <!-- \/row -->\r\n\r\n        <div class=\"owl_slider row\">\r\n                <div id=\"owl-demo\">\r\n                    \r\n                                        <div class=\"item\">\r\n                        <div class=\"client_speach\">\r\n                            <h5>Margo J\u00e4ger ENG<\/h5>\r\n                            <p>Sigwar O\u00dc and Argovarustus O\u00dc have been involved in mutually enriching cooperation for years. There are many similarities between us: both companies are based on Estonian capital and being able to trust and count on another company like yourself is a highly sought-after value in today&#8217;s uncertain business climate.<\/p>\r\n                            <div class=\"client_name\">\r\n                                <h5>Margo J\u00e4ger, Sigwar O\u00dc<\/h5>\r\n                                <ul>\r\n                                \t                                <\/ul>\r\n                            <\/div> <!-- \/client_name -->\r\n                            <img decoding=\"async\" src=\"https:\/\/agrovarustus.ee\/wp-content\/uploads\/2017\/07\/margo-e1499429910917.png\" alt=\"\">\r\n                        <\/div> <!-- \/client_speach -->\r\n                    <\/div>\r\n                                       <div class=\"item\">\r\n                        <div class=\"client_speach\">\r\n                            <h5>\u00dclar T\u00e4nak ENG<\/h5>\r\n                            <p>Argovarustus O\u00dc is a good and long-time partner who provides supplementary feeds and consultations to modern high-end farms while also considering our specific needs.<\/p>\r\n                            <div class=\"client_name\">\r\n                                <h5>\u00dclar T\u00e4nak, K\u00e4rla PO\u00dc<\/h5>\r\n                                <ul>\r\n                                \t                                <\/ul>\r\n                            <\/div> <!-- \/client_name -->\r\n                            <img decoding=\"async\" src=\"https:\/\/agrovarustus.ee\/wp-content\/uploads\/2017\/06\/ullar.png\" alt=\"\">\r\n                        <\/div> <!-- \/client_speach -->\r\n                    <\/div>\r\n                                       <div class=\"item\">\r\n                        <div class=\"client_speach\">\r\n                            <h5>Tiina Roosalu ENG<\/h5>\r\n                            <p>Argovarustus O\u00dc is a good, reliable and flexible long-time partner of ours in their specialist field.<\/p>\r\n                            <div class=\"client_name\">\r\n                                <h5>Tiina Roosalu, Nigula Piim O\u00dc<\/h5>\r\n                                <ul>\r\n                                \t                                <\/ul>\r\n                            <\/div> <!-- \/client_name -->\r\n                            <img decoding=\"async\" src=\"https:\/\/agrovarustus.ee\/wp-content\/uploads\/2017\/07\/tiina-e1499429937462.png\" alt=\"\">\r\n                        <\/div> <!-- \/client_speach -->\r\n                    <\/div>\r\n                                       <div class=\"item\">\r\n                        <div class=\"client_speach\">\r\n                            <h5>Sirje M\u00e4nniste ja Andres Suurmets ENG<\/h5>\r\n                            <p>We have worked with Agrovarustus for a number of years already. We use their products and also ask for feeding consultations if necessary. They are always there for us when we need them.<\/p>\r\n                            <div class=\"client_name\">\r\n                                <h5>Sirje M\u00e4nniste and Andres Suurmets, Kure M\u00f5is O\u00dc<\/h5>\r\n                                <ul>\r\n                                \t                                <\/ul>\r\n                            <\/div> <!-- \/client_name -->\r\n                            <img decoding=\"async\" src=\"https:\/\/agrovarustus.ee\/wp-content\/uploads\/2017\/09\/20170721_132913-1024x576.jpg\" alt=\"\">\r\n                        <\/div> <!-- \/client_speach -->\r\n                    <\/div>\r\n                    \r\n                <\/div> <!-- end #owl-demo -->\r\n                <div class=\"customNavigation\">\r\n                  <a class=\"prev\"><i class=\"fa fa-chevron-left\"><\/i><\/a>\r\n                  <a class=\"next\"><i class=\"fa fa-chevron-right\"><\/i><\/a>\r\n                <\/div>\r\n            <\/div> <!-- End owl-slider -->\r\n    <\/div> <!-- \/container -->\r\n<\/section> <!-- \/testimonial -->\r\n\r\n<!-- ========================== \/Testimonials ========================= -->\r\n\r\n[\/vc_column][\/vc_row]<\/p>\n<\/div>","protected":false},"excerpt":{"rendered":"<p>[vc_row][vc_column el_class=&#8221;banner&#8221;][rev_slider_vc alias=&#8221;home-eng&#8221;][\/vc_column][\/vc_row][vc_row][vc_column][\/vc_column][\/vc_row][vc_row][vc_column][\/vc_column][\/vc_row][vc_row][vc_column][\/vc_column][\/vc_row][vc_row][vc_column][\/vc_column][\/vc_row]<\/p>\n","protected":false},"author":1,"featured_media":0,"parent":0,"menu_order":0,"comment_status":"closed","ping_status":"closed","template":"tpl-visual_composer.php","meta":{"footnotes":""},"_links":{"self":[{"href":"https:\/\/agrovarustus.ee\/en\/wp-json\/wp\/v2\/pages\/866"}],"collection":[{"href":"https:\/\/agrovarustus.ee\/en\/wp-json\/wp\/v2\/pages"}],"about":[{"href":"https:\/\/agrovarustus.ee\/en\/wp-json\/wp\/v2\/types\/page"}],"author":[{"embeddable":true,"href":"https:\/\/agrovarustus.ee\/en\/wp-json\/wp\/v2\/users\/1"}],"replies":[{"embeddable":true,"href":"https:\/\/agrovarustus.ee\/en\/wp-json\/wp\/v2\/comments?post=866"}],"version-history":[{"count":1,"href":"https:\/\/agrovarustus.ee\/en\/wp-json\/wp\/v2\/pages\/866\/revisions"}],"predecessor-version":[{"id":868,"href":"https:\/\/agrovarustus.ee\/en\/wp-json\/wp\/v2\/pages\/866\/revisions\/868"}],"wp:attachment":[{"href":"https:\/\/agrovarustus.ee\/en\/wp-json\/wp\/v2\/media?parent=866"}],"curies":[{"name":"wp","href":"https:\/\/api.w.org\/{rel}","templated":true}]}}